{"id":3,"date":"2021-04-30T06:54:06","date_gmt":"2021-04-30T06:54:06","guid":{"rendered":"http:\/\/www.giannilollis.it\/gl\/?page_id=3"},"modified":"2021-07-03T10:36:46","modified_gmt":"2021-07-03T10:36:46","slug":"privacy-policy","status":"publish","type":"page","link":"https:\/\/www.giannilollis.it\/gl\/privacy-policy\/","title":{"rendered":"Privacy Policy"},"content":{"rendered":"\n<style type=\"text\/css\" data-created_by=\"avia_inline_auto\" id=\"style-css-av-kqnmisjp-08d28b2cdd26ecc6b0fcdd9558cb09da\">\n#top .av-special-heading.av-kqnmisjp-08d28b2cdd26ecc6b0fcdd9558cb09da{\npadding-bottom:30px;\n}\nbody .av-special-heading.av-kqnmisjp-08d28b2cdd26ecc6b0fcdd9558cb09da .av-special-heading-tag .heading-char{\nfont-size:25px;\n}\n.av-special-heading.av-kqnmisjp-08d28b2cdd26ecc6b0fcdd9558cb09da .av-subheading{\nfont-size:15px;\n}\n<\/style>\n<div  class='av-special-heading av-kqnmisjp-08d28b2cdd26ecc6b0fcdd9558cb09da av-special-heading-h3  avia-builder-el-0  el_before_av_two_third  avia-builder-el-first '><h3 class='av-special-heading-tag '  itemprop=\"headline\"  >Policy <span class='special_amp'>&amp;<\/span> Privacy<\/h3><div class=\"special-heading-border\"><div class=\"special-heading-inner-border\"><\/div><\/div><\/div>\n\n<style type=\"text\/css\" data-created_by=\"avia_inline_auto\" id=\"style-css-av-kqnlnu80-b9db7e240dc1c69b4ddbb73253a1b3f7\">\n#top .flex_column.av-kqnlnu80-b9db7e240dc1c69b4ddbb73253a1b3f7{\nmargin-top:0px;\nmargin-bottom:100px;\n}\n.flex_column.av-kqnlnu80-b9db7e240dc1c69b4ddbb73253a1b3f7{\nborder-radius:0px 0px 0px 0px;\npadding:0px 50px 0px 0px;\n}\n.responsive #top #wrap_all .flex_column.av-kqnlnu80-b9db7e240dc1c69b4ddbb73253a1b3f7{\nmargin-top:0px;\nmargin-bottom:100px;\n}\n<\/style>\n<div  id=\"av-center-align-columns\"  class='flex_column av-kqnlnu80-b9db7e240dc1c69b4ddbb73253a1b3f7 av_two_third  avia-builder-el-1  el_after_av_heading  avia-builder-el-last  first flex_column_div  '     ><section  class='av_textblock_section av-kqnlbn38-82b316181ab04f0a3cd334096e81281c '   itemscope=\"itemscope\" itemtype=\"https:\/\/schema.org\/CreativeWork\" ><div class='avia_textblock'  itemprop=\"text\" ><p lang=\"en-US\"><b>INFORMATIVA SULLA PROTEZIONE DEI DATI PERSONALI<\/b><\/p>\n<p lang=\"it-IT\">Questa informativa \u00e8 resa nel rispetto degli articoli 13 e 14 del Regolamento UE 679\/2016 (di seguito \u201cRegolamento\u201d), agli utilizzatori (di seguito: \u201cUtenti\u201d\u00a0<span lang=\"en-US\">o\u00a0<\/span>\u201cUtente\u201d) del sito giannilollis.it in versione desktop e mobile di propriet\u00e0 di Gianni Lollis, Titolare del Trattamento dei dati personali (di seguito: \u201cTitolare\u201d), ed ha lo scopo di descrivere le modalita\u0300 di gestione del Sito giannilollis.it con riferimento al trattamento dei dati personali, nonch\u00e9 di consentire agli Utenti di conoscere le finalit\u00e0 e le modalit\u00e0 di trattamento dei dati personali da parte del Titolare in caso di loro conferimento.<\/p>\n<p lang=\"it-IT\">I servizi offerti dal Titolare sono rivolti a persone di qualsiasi et\u00e0. Il Titolare, ai sensi e per gli effetti del Regolamento, rende noto che la citata normativa prevede la tutela delle persone fisiche rispetto al trattamento dei dati personali, e che tale trattamento sar\u00e0 improntato ai principi di correttezza, liceit\u00e0, trasparenza e di tutela della riservatezza e dei diritti fondamentali.<\/p>\n<p lang=\"it-IT\">I dati personali forniti dagli Utenti \u2013 attraverso l\u2019utilizzo del Sito verranno trattati con il loro consenso sono i seguenti: nome, cognome, indirizzo mail e azienda.<\/p>\n<p><b>Dati raccolti con il modulo di contatto<\/b><\/p>\n<p>Compilando il modulo di contatto l\u2019utente:<\/p>\n<ul>\n<li>comunica il proprio nome;<\/li>\n<li>comunica l\u2019indirizzo email al quale vuole essere contattato;<\/li>\n<li>scrive un messaggio da inviare a <a href=\"mailto:gianni.lollis@gmail.com\" target=\"_blank\" rel=\"noopener\">gianni.lollis@gmail.com<\/a><\/li>\n<\/ul>\n<p><b>Finalit\u00e0 del trattamento<\/b><\/p>\n<p>Il nome, l\u2019indirizzo email indicato dall\u2019utente al momento della compilazione del modulo di contatto e le informazioni inserite dall\u2019utente nel corpo del messaggio sono utilizzate esclusivamente per rispondere alla richiesta dell\u2019utente stesso.<\/p>\n<p><b>Destinatari dei dati personali<\/b><\/p>\n<p>I dati personali raccolti da Gianni Lollis tramite www.giannilollis.it\u00a0 potranno essere trattati da soggetti coinvolti nell\u2019organizzazione del sito (come per esempio personale amministrativo, commerciale, marketing, legali, amministratori di sistema) o da personale esterno (come fornitori di servizi tecnici terzi, corrieri postali, hosting provider, societ\u00e0 informatiche, agenzie di comunicazione) di volta in volta nominate, se necessario, Responsabili del trattamento a norma dell\u2019art. 4 n.8) GDPR che definisce come \u201cresponsabile del trattamento\u201d la persona fisica o giuridica, l\u2019autorit\u00e0 pubblica, il servizio o altro organismo che tratta dati personali per conto del titolare del trattamento.<\/p>\n<p>In ogni caso ogni utente potr\u00e0 sempre richiedere al Titolare del trattamento l\u2019elenco aggiornato dei Responsabili del trattamento con le modalit\u00e0 di cui alla sezione relativa ai diritti dell\u2019utente (ossia mediante invio di comunicazione mail a <a href=\"mailto:gianni.lollis@gmail.com\" target=\"_blank\" rel=\"noopener\">gianni.lollis@gmail.com<\/a> \u00a0)<\/p>\n<p>Ad eccezione delle ipotesi appena indicate i dati personali dell\u2019utente non vengono comunicati a terzi salvo:<\/p>\n<ul>\n<li>l\u2019utente abbia rilasciato il proprio consenso espresso alla comunicazione;<\/li>\n<li>la comunicazione sia necessaria per fornire il servizio o il prodotto richiesto dall\u2019utente;<\/li>\n<li>la comunicazione sia necessaria in riferimento a terzi che collaborano con Gianni Lollis per fornire il servizio o il prodotto richiesto dall\u2019utente. (in questo caso verranno comunicati solo i dati indispensabili per la prestazione del servizio o la fornitura del prodotto ed alle stesse \u00e8 fatto divieto di utilizzare gli stessi dati per finalit\u00e0 diverse).<\/li>\n<li>sia richiesto dalla legge.<\/li>\n<\/ul>\n<p lang=\"it-IT\"><b>Modalit\u00e0 di trattamento e conservazione dei dati personali<\/b><\/p>\n<p lang=\"it-IT\">Il Titolare assicura che i dati personali sono trattati nel pieno rispetto del Regolamento, mediante sistemi manuali, informatici o telematici. Il trattamento potr\u00e0 essere effettuato anche attraverso strumenti automatizzati atti a memorizzare, gestire e trasmettere i dati stessi.<\/p>\n<p lang=\"it-IT\">I dati raccolti ed oggetto di trattamento saranno protetti con metodologie fisiche e logiche tali da ridurre al minimo i rischi di accesso non consentito, diffusione, perdita e distruzione dei dati, ai sensi degli art. 25 e 32 del Regolamento.<\/p>\n<p lang=\"it-IT\">Il trattamento dei dati avr\u00e0 durata non superiore a quanto necessario per soddisfare le finalit\u00e0 per le quali sono stati raccolti.<\/p>\n<p lang=\"it-IT\">Ai sensi dell\u2019art. 7 comma 3 del Regolamento, l\u2019interessato ha diritto di ottenere in qualsiasi momento la revoca del consenso al trattamento e richiedere la cancellazione dei propri dati personali, inviando comunicazione al Titolare alla casella:<a href=\"mailto:gianni.lollis@gmail.com\" target=\"_blank\" rel=\"noopener\">gianni.lollis@gmail.com<\/a>. A seguito della richiesta di cancellazione da parte dell\u2019Utente, tutti i dati personali dello stesso verranno cancellati, fatta salva l\u2019ulteriore conservazione prevista da obblighi normativi.<\/p>\n<p lang=\"it-IT\"><b>Raccolta dati di navigazione<\/b><\/p>\n<p lang=\"it-IT\">Il sito www.giannilollis.it fa uso di Google Analytics per la raccolta di informazioni da utilizzare a fini statistici. Questo comporta l\u2019utilizzo di cookies. Questi dati potranno essere utilizzati dal Titolare al solo fine di ricavare informazioni statistiche anonime sull\u2019uso del Sito al fine di individuare le pagine preferite dagli Utenti e fornire dunque contenuti sempre pi\u00f9 adeguati e per controllarne il corretto funzionamento.<\/p>\n<p lang=\"it-IT\"><b>Titolare del trattamento e responsabile della protezione dei dati<\/b><\/p>\n<p lang=\"it-IT\">Per esercitare i propri diritti l\u2019Utente potr\u00e0 rivolgersi in ogni momento al Titolare della Protezione dei Dati per eventuali comunicazioni in merito al trattamento dei propri Dati Personali, o per conoscere l\u2019elenco aggiornato degli eventuali Responsabili del Trattamento nominati dalla Societ\u00e0, inviando comunicazione a mezzo raccomandata a.r. ai contatti di seguito riportati:<\/p>\n<p lang=\"it-IT\">Il Titolare del Trattamento:<\/p>\n<p lang=\"it-IT\">Gianni Lollis<\/p>\n<p lang=\"it-IT\">Via Cantore, 20 Verona<\/p>\n<p lang=\"it-IT\">Indirizzo mail: <a href=\"mailto:gianni.lollis@gmail.com\" target=\"_blank\" rel=\"noopener\">gianni.lollis@gmail.com<\/a><\/p>\n<p lang=\"it-IT\"><b>Modifiche<\/b><\/p>\n<p lang=\"it-IT\">La presente informativa potrebbe essere soggetta a modifiche. Qualora vengano apportate sostanziali modifiche all\u2019utilizzo dei dati relativi all\u2019Utente da parte del Titolare, questo avviser\u00e0 l\u2019Utente pubblicandole con la massima evidenza sulle proprie pagine.<\/p>\n<\/div><\/section><\/div>\n","protected":false},"excerpt":{"rendered":"","protected":false},"author":1,"featured_media":0,"parent":0,"menu_order":0,"comment_status":"closed","ping_status":"open","template":"","meta":{"_coblocks_attr":"","_coblocks_dimensions":"","_coblocks_responsive_height":"","_coblocks_accordion_ie_support":"","footnotes":""},"class_list":["post-3","page","type-page","status-publish","hentry"],"yoast_head":"<!-- This site is optimized with the Yoast SEO plugin v26.6 - https:\/\/yoast.com\/wordpress\/plugins\/seo\/ -->\n<title>Privacy Policy - Gianni Lollis<\/title>\n<meta name=\"robots\" content=\"index, follow, max-snippet:-1, max-image-preview:large, max-video-preview:-1\" \/>\n<link rel=\"canonical\" href=\"https:\/\/www.giannilollis.it\/gl\/privacy-policy\/\" \/>\n<meta property=\"og:locale\" content=\"it_IT\" \/>\n<meta property=\"og:type\" content=\"article\" \/>\n<meta property=\"og:title\" content=\"Privacy Policy - Gianni Lollis\" \/>\n<meta property=\"og:url\" content=\"https:\/\/www.giannilollis.it\/gl\/privacy-policy\/\" \/>\n<meta property=\"og:site_name\" content=\"Gianni Lollis\" \/>\n<meta property=\"article:modified_time\" content=\"2021-07-03T10:36:46+00:00\" \/>\n<meta name=\"twitter:card\" content=\"summary_large_image\" \/>\n<meta name=\"twitter:label1\" content=\"Tempo di lettura stimato\" \/>\n\t<meta name=\"twitter:data1\" content=\"6 minuti\" \/>\n<script type=\"application\/ld+json\" class=\"yoast-schema-graph\">{\"@context\":\"https:\/\/schema.org\",\"@graph\":[{\"@type\":\"WebPage\",\"@id\":\"https:\/\/www.giannilollis.it\/gl\/privacy-policy\/\",\"url\":\"https:\/\/www.giannilollis.it\/gl\/privacy-policy\/\",\"name\":\"Privacy Policy - Gianni Lollis\",\"isPartOf\":{\"@id\":\"https:\/\/www.giannilollis.it\/gl\/#website\"},\"datePublished\":\"2021-04-30T06:54:06+00:00\",\"dateModified\":\"2021-07-03T10:36:46+00:00\",\"breadcrumb\":{\"@id\":\"https:\/\/www.giannilollis.it\/gl\/privacy-policy\/#breadcrumb\"},\"inLanguage\":\"it-IT\",\"potentialAction\":[{\"@type\":\"ReadAction\",\"target\":[\"https:\/\/www.giannilollis.it\/gl\/privacy-policy\/\"]}]},{\"@type\":\"BreadcrumbList\",\"@id\":\"https:\/\/www.giannilollis.it\/gl\/privacy-policy\/#breadcrumb\",\"itemListElement\":[{\"@type\":\"ListItem\",\"position\":1,\"name\":\"Home\",\"item\":\"https:\/\/www.giannilollis.it\/gl\/\"},{\"@type\":\"ListItem\",\"position\":2,\"name\":\"Privacy Policy\"}]},{\"@type\":\"WebSite\",\"@id\":\"https:\/\/www.giannilollis.it\/gl\/#website\",\"url\":\"https:\/\/www.giannilollis.it\/gl\/\",\"name\":\"Gianni Lollis\",\"description\":\"\",\"publisher\":{\"@id\":\"https:\/\/www.giannilollis.it\/gl\/#\/schema\/person\/155dfaa3982c1ea547c70521370db775\"},\"potentialAction\":[{\"@type\":\"SearchAction\",\"target\":{\"@type\":\"EntryPoint\",\"urlTemplate\":\"https:\/\/www.giannilollis.it\/gl\/?s={search_term_string}\"},\"query-input\":{\"@type\":\"PropertyValueSpecification\",\"valueRequired\":true,\"valueName\":\"search_term_string\"}}],\"inLanguage\":\"it-IT\"},{\"@type\":[\"Person\",\"Organization\"],\"@id\":\"https:\/\/www.giannilollis.it\/gl\/#\/schema\/person\/155dfaa3982c1ea547c70521370db775\",\"name\":\"admin\",\"image\":{\"@type\":\"ImageObject\",\"inLanguage\":\"it-IT\",\"@id\":\"https:\/\/www.giannilollis.it\/gl\/#\/schema\/person\/image\/\",\"url\":\"http:\/\/www.giannilollis.it\/gl\/wp-content\/uploads\/2021\/06\/logo_lollis_home.png\",\"contentUrl\":\"http:\/\/www.giannilollis.it\/gl\/wp-content\/uploads\/2021\/06\/logo_lollis_home.png\",\"width\":155,\"height\":80,\"caption\":\"admin\"},\"logo\":{\"@id\":\"https:\/\/www.giannilollis.it\/gl\/#\/schema\/person\/image\/\"},\"sameAs\":[\"http:\/\/www.giannilollis.it\/gl\"]}]}<\/script>\n<!-- \/ Yoast SEO plugin. -->","yoast_head_json":{"title":"Privacy Policy - Gianni Lollis","robots":{"index":"index","follow":"follow","max-snippet":"max-snippet:-1","max-image-preview":"max-image-preview:large","max-video-preview":"max-video-preview:-1"},"canonical":"https:\/\/www.giannilollis.it\/gl\/privacy-policy\/","og_locale":"it_IT","og_type":"article","og_title":"Privacy Policy - Gianni Lollis","og_url":"https:\/\/www.giannilollis.it\/gl\/privacy-policy\/","og_site_name":"Gianni Lollis","article_modified_time":"2021-07-03T10:36:46+00:00","twitter_card":"summary_large_image","twitter_misc":{"Tempo di lettura stimato":"6 minuti"},"schema":{"@context":"https:\/\/schema.org","@graph":[{"@type":"WebPage","@id":"https:\/\/www.giannilollis.it\/gl\/privacy-policy\/","url":"https:\/\/www.giannilollis.it\/gl\/privacy-policy\/","name":"Privacy Policy - Gianni Lollis","isPartOf":{"@id":"https:\/\/www.giannilollis.it\/gl\/#website"},"datePublished":"2021-04-30T06:54:06+00:00","dateModified":"2021-07-03T10:36:46+00:00","breadcrumb":{"@id":"https:\/\/www.giannilollis.it\/gl\/privacy-policy\/#breadcrumb"},"inLanguage":"it-IT","potentialAction":[{"@type":"ReadAction","target":["https:\/\/www.giannilollis.it\/gl\/privacy-policy\/"]}]},{"@type":"BreadcrumbList","@id":"https:\/\/www.giannilollis.it\/gl\/privacy-policy\/#breadcrumb","itemListElement":[{"@type":"ListItem","position":1,"name":"Home","item":"https:\/\/www.giannilollis.it\/gl\/"},{"@type":"ListItem","position":2,"name":"Privacy Policy"}]},{"@type":"WebSite","@id":"https:\/\/www.giannilollis.it\/gl\/#website","url":"https:\/\/www.giannilollis.it\/gl\/","name":"Gianni Lollis","description":"","publisher":{"@id":"https:\/\/www.giannilollis.it\/gl\/#\/schema\/person\/155dfaa3982c1ea547c70521370db775"},"potentialAction":[{"@type":"SearchAction","target":{"@type":"EntryPoint","urlTemplate":"https:\/\/www.giannilollis.it\/gl\/?s={search_term_string}"},"query-input":{"@type":"PropertyValueSpecification","valueRequired":true,"valueName":"search_term_string"}}],"inLanguage":"it-IT"},{"@type":["Person","Organization"],"@id":"https:\/\/www.giannilollis.it\/gl\/#\/schema\/person\/155dfaa3982c1ea547c70521370db775","name":"admin","image":{"@type":"ImageObject","inLanguage":"it-IT","@id":"https:\/\/www.giannilollis.it\/gl\/#\/schema\/person\/image\/","url":"http:\/\/www.giannilollis.it\/gl\/wp-content\/uploads\/2021\/06\/logo_lollis_home.png","contentUrl":"http:\/\/www.giannilollis.it\/gl\/wp-content\/uploads\/2021\/06\/logo_lollis_home.png","width":155,"height":80,"caption":"admin"},"logo":{"@id":"https:\/\/www.giannilollis.it\/gl\/#\/schema\/person\/image\/"},"sameAs":["http:\/\/www.giannilollis.it\/gl"]}]}},"_links":{"self":[{"href":"https:\/\/www.giannilollis.it\/gl\/wp-json\/wp\/v2\/pages\/3","targetHints":{"allow":["GET"]}}],"collection":[{"href":"https:\/\/www.giannilollis.it\/gl\/wp-json\/wp\/v2\/pages"}],"about":[{"href":"https:\/\/www.giannilollis.it\/gl\/wp-json\/wp\/v2\/types\/page"}],"author":[{"embeddable":true,"href":"https:\/\/www.giannilollis.it\/gl\/wp-json\/wp\/v2\/users\/1"}],"replies":[{"embeddable":true,"href":"https:\/\/www.giannilollis.it\/gl\/wp-json\/wp\/v2\/comments?post=3"}],"version-history":[{"count":14,"href":"https:\/\/www.giannilollis.it\/gl\/wp-json\/wp\/v2\/pages\/3\/revisions"}],"predecessor-version":[{"id":1126,"href":"https:\/\/www.giannilollis.it\/gl\/wp-json\/wp\/v2\/pages\/3\/revisions\/1126"}],"wp:attachment":[{"href":"https:\/\/www.giannilollis.it\/gl\/wp-json\/wp\/v2\/media?parent=3"}],"curies":[{"name":"wp","href":"https:\/\/api.w.org\/{rel}","templated":true}]}}